{"id":127,"date":"2015-09-23T07:07:33","date_gmt":"2015-09-23T07:07:33","guid":{"rendered":"http:\/\/almenrausch-berglern.de\/WordPress_02\/?page_id=127"},"modified":"2026-03-18T14:30:02","modified_gmt":"2026-03-18T14:30:02","slug":"impressum","status":"publish","type":"page","link":"https:\/\/almenrausch-berglern.de\/WordPress_02\/impressum\/","title":{"rendered":"Impressum"},"content":{"rendered":"<p>F\u00fcr den Inhalt zeichnet verantwortlich:<\/p>\n<p>Sch\u00fctzengesellschaft Almenrausch Berglern e. V.<br \/>\nAlexander Schr\u00f6ter, 1. Vorstand<br \/>\nAm Kleinfeld 11, 85459 Berglern<\/p>\n<p>Tel.: 0151\/52702257<\/p>\n<p>Vereinsregister: Amtsgericht M\u00fcnchen VR 110232<\/p>\n<p class=\"hl4\"><b>Disclaimer:<\/b><\/p>\n<p class=\"hwk1\">Mit Urteil vom 12. Mai 1998 &#8211; 312 O 85\/98 &#8211; &#8222;Haftung f\u00fcr Links&#8220; hat das Landgericht (LG) Hamburg entschieden, dass man durch die Anbringung eines Links, die Inhalte der gelinkten Seite ggf. mit zu verantworten hat. Dies kann &#8211; so das LG &#8211; nur dadurch verhindert werden, dass man sich ausdr\u00fccklich von diesen Inhalten distanziert.<br \/>\nHiermit distanzieren wir uns ausdr\u00fccklich von allen Inhalten aller gelinkten Seiten auf unserer Homepage und machen uns diese Inhalte nicht zu eigen. Diese Erkl\u00e4rung gilt f\u00fcr alle \u00fcber diese Website angebrachten Links.<\/p>\n<p class=\"hl4\"><b>Haftungsausschluss:<\/b><\/p>\n<p class=\"hwk1\">Die bereitgestellten Informationen auf unserer Site wurden sorgf\u00e4ltig gepr\u00fcft und werden regelm\u00e4\u00dfig aktualisiert. Jedoch kann keine Garantie daf\u00fcr \u00fcbernommen werden, dass alle Angaben zu jeder Zeit vollst\u00e4ndig, richtig und in letzter Aktualit\u00e4t dargestellt sind. Dies gilt insbesondere f\u00fcr alle Verbindungen (&#8222;Links&#8220;) zu anderen Websites, auf die direkt oder indirekt verwiesen wird. Alle Angaben k\u00f6nnen ohne vorherige Ank\u00fcndigung erg\u00e4nzt, entfernt oder ge\u00e4ndert werden.<\/p>\n","protected":false},"excerpt":{"rendered":"<p>F\u00fcr den Inhalt zeichnet verantwortlich: Sch\u00fctzengesellschaft Almenrausch Berglern e. V. Alexander Schr\u00f6ter, 1. Vorstand Am Kleinfeld 11, 85459 Berglern Tel.: 0151\/52702257 Vereinsregister: Amtsgericht M\u00fcnchen VR 110232 Disclaimer: Mit Urteil vom 12. Mai 1998 &#8211; 312 O 85\/98 &#8211; &#8222;Haftung f\u00fcr <span class=\"excerpt-dots\">&hellip;<\/span> <a class=\"more-link\" href=\"https:\/\/almenrausch-berglern.de\/WordPress_02\/impressum\/\"><span class=\"more-msg\">Hier weiterlesen &#8230;<\/span><\/a><\/p>\n","protected":false},"author":1,"featured_media":0,"parent":0,"menu_order":0,"comment_status":"closed","ping_status":"closed","template":"","meta":{"ngg_post_thumbnail":0,"footnotes":""},"class_list":["post-127","page","type-page","status-publish","hentry"],"yoast_head":"<!-- This site is optimized with the Yoast SEO plugin v27.2 - https:\/\/yoast.com\/product\/yoast-seo-wordpress\/ -->\n<title>Impressum - SG Almenrausch Berglern e.V.<\/title>\n<meta name=\"robots\" content=\"index, follow, max-snippet:-1, max-image-preview:large, max-video-preview:-1\" \/>\n<link rel=\"canonical\" href=\"https:\/\/almenrausch-berglern.de\/WordPress_02\/impressum\/\" \/>\n<meta property=\"og:locale\" content=\"de_DE\" \/>\n<meta property=\"og:type\" content=\"article\" \/>\n<meta property=\"og:title\" content=\"Impressum - SG Almenrausch Berglern e.V.\" \/>\n<meta property=\"og:description\" content=\"F\u00fcr den Inhalt zeichnet verantwortlich: Sch\u00fctzengesellschaft Almenrausch Berglern e. V. Alexander Schr\u00f6ter, 1. Vorstand Am Kleinfeld 11, 85459 Berglern Tel.: 0151\/52702257 Vereinsregister: Amtsgericht M\u00fcnchen VR 110232 Disclaimer: Mit Urteil vom 12. Mai 1998 &#8211; 312 O 85\/98 &#8211; &#8222;Haftung f\u00fcr &hellip; Hier weiterlesen ...\" \/>\n<meta property=\"og:url\" content=\"https:\/\/almenrausch-berglern.de\/WordPress_02\/impressum\/\" \/>\n<meta property=\"og:site_name\" content=\"SG Almenrausch Berglern e.V.\" \/>\n<meta property=\"article:modified_time\" content=\"2026-03-18T14:30:02+00:00\" \/>\n<meta name=\"twitter:card\" content=\"summary_large_image\" \/>\n<meta name=\"twitter:label1\" content=\"Gesch\u00e4tzte Lesezeit\" \/>\n\t<meta name=\"twitter:data1\" content=\"1\u00a0Minute\" \/>\n<script type=\"application\/ld+json\" class=\"yoast-schema-graph\">{\"@context\":\"https:\/\/schema.org\",\"@graph\":[{\"@type\":\"WebPage\",\"@id\":\"https:\/\/almenrausch-berglern.de\/WordPress_02\/impressum\/\",\"url\":\"https:\/\/almenrausch-berglern.de\/WordPress_02\/impressum\/\",\"name\":\"Impressum - SG Almenrausch Berglern e.V.\",\"isPartOf\":{\"@id\":\"https:\/\/almenrausch-berglern.de\/WordPress_02\/#website\"},\"datePublished\":\"2015-09-23T07:07:33+00:00\",\"dateModified\":\"2026-03-18T14:30:02+00:00\",\"breadcrumb\":{\"@id\":\"https:\/\/almenrausch-berglern.de\/WordPress_02\/impressum\/#breadcrumb\"},\"inLanguage\":\"de\",\"potentialAction\":[{\"@type\":\"ReadAction\",\"target\":[\"https:\/\/almenrausch-berglern.de\/WordPress_02\/impressum\/\"]}]},{\"@type\":\"BreadcrumbList\",\"@id\":\"https:\/\/almenrausch-berglern.de\/WordPress_02\/impressum\/#breadcrumb\",\"itemListElement\":[{\"@type\":\"ListItem\",\"position\":1,\"name\":\"Startseite\",\"item\":\"https:\/\/almenrausch-berglern.de\/WordPress_02\/\"},{\"@type\":\"ListItem\",\"position\":2,\"name\":\"Impressum\"}]},{\"@type\":\"WebSite\",\"@id\":\"https:\/\/almenrausch-berglern.de\/WordPress_02\/#website\",\"url\":\"https:\/\/almenrausch-berglern.de\/WordPress_02\/\",\"name\":\"SG Almenrausch Berglern e.V.\",\"description\":\"\",\"potentialAction\":[{\"@type\":\"SearchAction\",\"target\":{\"@type\":\"EntryPoint\",\"urlTemplate\":\"https:\/\/almenrausch-berglern.de\/WordPress_02\/?s={search_term_string}\"},\"query-input\":{\"@type\":\"PropertyValueSpecification\",\"valueRequired\":true,\"valueName\":\"search_term_string\"}}],\"inLanguage\":\"de\"}]}<\/script>\n<!-- \/ Yoast SEO plugin. -->","yoast_head_json":{"title":"Impressum - SG Almenrausch Berglern e.V.","robots":{"index":"index","follow":"follow","max-snippet":"max-snippet:-1","max-image-preview":"max-image-preview:large","max-video-preview":"max-video-preview:-1"},"canonical":"https:\/\/almenrausch-berglern.de\/WordPress_02\/impressum\/","og_locale":"de_DE","og_type":"article","og_title":"Impressum - SG Almenrausch Berglern e.V.","og_description":"F\u00fcr den Inhalt zeichnet verantwortlich: Sch\u00fctzengesellschaft Almenrausch Berglern e. V. Alexander Schr\u00f6ter, 1. Vorstand Am Kleinfeld 11, 85459 Berglern Tel.: 0151\/52702257 Vereinsregister: Amtsgericht M\u00fcnchen VR 110232 Disclaimer: Mit Urteil vom 12. Mai 1998 &#8211; 312 O 85\/98 &#8211; &#8222;Haftung f\u00fcr &hellip; Hier weiterlesen ...","og_url":"https:\/\/almenrausch-berglern.de\/WordPress_02\/impressum\/","og_site_name":"SG Almenrausch Berglern e.V.","article_modified_time":"2026-03-18T14:30:02+00:00","twitter_card":"summary_large_image","twitter_misc":{"Gesch\u00e4tzte Lesezeit":"1\u00a0Minute"},"schema":{"@context":"https:\/\/schema.org","@graph":[{"@type":"WebPage","@id":"https:\/\/almenrausch-berglern.de\/WordPress_02\/impressum\/","url":"https:\/\/almenrausch-berglern.de\/WordPress_02\/impressum\/","name":"Impressum - SG Almenrausch Berglern e.V.","isPartOf":{"@id":"https:\/\/almenrausch-berglern.de\/WordPress_02\/#website"},"datePublished":"2015-09-23T07:07:33+00:00","dateModified":"2026-03-18T14:30:02+00:00","breadcrumb":{"@id":"https:\/\/almenrausch-berglern.de\/WordPress_02\/impressum\/#breadcrumb"},"inLanguage":"de","potentialAction":[{"@type":"ReadAction","target":["https:\/\/almenrausch-berglern.de\/WordPress_02\/impressum\/"]}]},{"@type":"BreadcrumbList","@id":"https:\/\/almenrausch-berglern.de\/WordPress_02\/impressum\/#breadcrumb","itemListElement":[{"@type":"ListItem","position":1,"name":"Startseite","item":"https:\/\/almenrausch-berglern.de\/WordPress_02\/"},{"@type":"ListItem","position":2,"name":"Impressum"}]},{"@type":"WebSite","@id":"https:\/\/almenrausch-berglern.de\/WordPress_02\/#website","url":"https:\/\/almenrausch-berglern.de\/WordPress_02\/","name":"SG Almenrausch Berglern e.V.","description":"","potentialAction":[{"@type":"SearchAction","target":{"@type":"EntryPoint","urlTemplate":"https:\/\/almenrausch-berglern.de\/WordPress_02\/?s={search_term_string}"},"query-input":{"@type":"PropertyValueSpecification","valueRequired":true,"valueName":"search_term_string"}}],"inLanguage":"de"}]}},"publishpress_future_action":{"enabled":false,"date":"2026-04-24 06:18:58","action":"change-status","newStatus":"draft","terms":[],"taxonomy":"","extraData":[]},"publishpress_future_workflow_manual_trigger":{"enabledWorkflows":[]},"_links":{"self":[{"href":"https:\/\/almenrausch-berglern.de\/WordPress_02\/wp-json\/wp\/v2\/pages\/127","targetHints":{"allow":["GET"]}}],"collection":[{"href":"https:\/\/almenrausch-berglern.de\/WordPress_02\/wp-json\/wp\/v2\/pages"}],"about":[{"href":"https:\/\/almenrausch-berglern.de\/WordPress_02\/wp-json\/wp\/v2\/types\/page"}],"author":[{"embeddable":true,"href":"https:\/\/almenrausch-berglern.de\/WordPress_02\/wp-json\/wp\/v2\/users\/1"}],"replies":[{"embeddable":true,"href":"https:\/\/almenrausch-berglern.de\/WordPress_02\/wp-json\/wp\/v2\/comments?post=127"}],"version-history":[{"count":2,"href":"https:\/\/almenrausch-berglern.de\/WordPress_02\/wp-json\/wp\/v2\/pages\/127\/revisions"}],"predecessor-version":[{"id":2477,"href":"https:\/\/almenrausch-berglern.de\/WordPress_02\/wp-json\/wp\/v2\/pages\/127\/revisions\/2477"}],"wp:attachment":[{"href":"https:\/\/almenrausch-berglern.de\/WordPress_02\/wp-json\/wp\/v2\/media?parent=127"}],"curies":[{"name":"wp","href":"https:\/\/api.w.org\/{rel}","templated":true}]}}