{"id":163,"date":"2015-09-23T09:27:55","date_gmt":"2015-09-23T09:27:55","guid":{"rendered":"http:\/\/almenrausch-berglern.de\/WordPress_02\/?page_id=163"},"modified":"2019-12-16T21:37:45","modified_gmt":"2019-12-16T21:37:45","slug":"yarr-2-2-2-4","status":"publish","type":"page","link":"https:\/\/almenrausch-berglern.de\/WordPress_02\/ueber-uns\/schuetzenheim\/","title":{"rendered":"Sch\u00fctzenheim"},"content":{"rendered":"\n<figure class=\"wp-block-image size-large\"><img loading=\"lazy\" decoding=\"async\" width=\"314\" height=\"167\" src=\"https:\/\/almenrausch-berglern.de\/WordPress_02\/wp-content\/uploads\/2019\/12\/logo_sportgaststaette_2007_3.gif\" alt=\"\" class=\"wp-image-1673\"\/><\/figure>\n\n\n\n<figure class=\"wp-block-table\"><table class=\"\"><tbody><tr><td> Das Sport- und Sch\u00fctzenheim aus nord\u00f6stlicher Richtung.  <\/td><td><img loading=\"lazy\" decoding=\"async\" width=\"350\" height=\"263\" class=\"wp-image-1674\" style=\"width: 350px;\" src=\"https:\/\/almenrausch-berglern.de\/WordPress_02\/wp-content\/uploads\/2019\/12\/sportg-nord-640.jpg\" alt=\"\" srcset=\"https:\/\/almenrausch-berglern.de\/WordPress_02\/wp-content\/uploads\/2019\/12\/sportg-nord-640.jpg 640w, https:\/\/almenrausch-berglern.de\/WordPress_02\/wp-content\/uploads\/2019\/12\/sportg-nord-640-300x225.jpg 300w\" sizes=\"auto, (max-width: 350px) 100vw, 350px\" \/><\/td><\/tr><tr><td>Sport- und Sch\u00fctzenheim Berglern<br>Am Sportplatz 2<br>85459 Berglern <\/td><td>So erreichen Sie das\u00a0<br>Sport- und Sch\u00fctzenheim: <img loading=\"lazy\" decoding=\"async\" width=\"350\" height=\"207\" class=\"wp-image-1676\" style=\"width: 350px;\" src=\"https:\/\/almenrausch-berglern.de\/WordPress_02\/wp-content\/uploads\/2019\/12\/sportg-karte-640.jpg\" alt=\"\" srcset=\"https:\/\/almenrausch-berglern.de\/WordPress_02\/wp-content\/uploads\/2019\/12\/sportg-karte-640.jpg 633w, https:\/\/almenrausch-berglern.de\/WordPress_02\/wp-content\/uploads\/2019\/12\/sportg-karte-640-300x178.jpg 300w\" sizes=\"auto, (max-width: 350px) 100vw, 350px\" \/><\/td><\/tr><\/tbody><\/table><\/figure>\n","protected":false},"excerpt":{"rendered":"<p>Das Sport- und Sch\u00fctzenheim aus nord\u00f6stlicher Richtung. Sport- und Sch\u00fctzenheim BerglernAm Sportplatz 285459 Berglern So erreichen Sie das\u00a0Sport- und Sch\u00fctzenheim:<\/p>\n <a class=\"more-link\" href=\"https:\/\/almenrausch-berglern.de\/WordPress_02\/ueber-uns\/schuetzenheim\/\"><span class=\"more-msg\">Hier weiterlesen ...<\/span><\/a>","protected":false},"author":1,"featured_media":0,"parent":169,"menu_order":0,"comment_status":"closed","ping_status":"closed","template":"","meta":{"ngg_post_thumbnail":0,"footnotes":""},"class_list":["post-163","page","type-page","status-publish","hentry"],"yoast_head":"<!-- This site is optimized with the Yoast SEO plugin v27.2 - https:\/\/yoast.com\/product\/yoast-seo-wordpress\/ -->\n<title>Sch\u00fctzenheim - SG Almenrausch Berglern e.V.<\/title>\n<meta name=\"robots\" content=\"index, follow, max-snippet:-1, max-image-preview:large, max-video-preview:-1\" \/>\n<link rel=\"canonical\" href=\"https:\/\/almenrausch-berglern.de\/WordPress_02\/ueber-uns\/schuetzenheim\/\" \/>\n<meta property=\"og:locale\" content=\"de_DE\" \/>\n<meta property=\"og:type\" content=\"article\" \/>\n<meta property=\"og:title\" content=\"Sch\u00fctzenheim - SG Almenrausch Berglern e.V.\" \/>\n<meta property=\"og:description\" content=\"Das Sport- und Sch\u00fctzenheim aus nord\u00f6stlicher Richtung. Sport- und Sch\u00fctzenheim BerglernAm Sportplatz 285459 Berglern So erreichen Sie das\u00a0Sport- und Sch\u00fctzenheim:\" \/>\n<meta property=\"og:url\" content=\"https:\/\/almenrausch-berglern.de\/WordPress_02\/ueber-uns\/schuetzenheim\/\" \/>\n<meta property=\"og:site_name\" content=\"SG Almenrausch Berglern e.V.\" \/>\n<meta property=\"article:modified_time\" content=\"2019-12-16T21:37:45+00:00\" \/>\n<meta property=\"og:image\" content=\"https:\/\/almenrausch-berglern.de\/WordPress_02\/wp-content\/uploads\/2019\/12\/logo_sportgaststaette_2007_3.gif\" \/>\n<meta name=\"twitter:card\" content=\"summary_large_image\" \/>\n<script type=\"application\/ld+json\" class=\"yoast-schema-graph\">{\"@context\":\"https:\/\/schema.org\",\"@graph\":[{\"@type\":\"WebPage\",\"@id\":\"https:\/\/almenrausch-berglern.de\/WordPress_02\/ueber-uns\/schuetzenheim\/\",\"url\":\"https:\/\/almenrausch-berglern.de\/WordPress_02\/ueber-uns\/schuetzenheim\/\",\"name\":\"Sch\u00fctzenheim - SG Almenrausch Berglern e.V.\",\"isPartOf\":{\"@id\":\"https:\/\/almenrausch-berglern.de\/WordPress_02\/#website\"},\"primaryImageOfPage\":{\"@id\":\"https:\/\/almenrausch-berglern.de\/WordPress_02\/ueber-uns\/schuetzenheim\/#primaryimage\"},\"image\":{\"@id\":\"https:\/\/almenrausch-berglern.de\/WordPress_02\/ueber-uns\/schuetzenheim\/#primaryimage\"},\"thumbnailUrl\":\"https:\/\/almenrausch-berglern.de\/WordPress_02\/wp-content\/uploads\/2019\/12\/logo_sportgaststaette_2007_3.gif\",\"datePublished\":\"2015-09-23T09:27:55+00:00\",\"dateModified\":\"2019-12-16T21:37:45+00:00\",\"breadcrumb\":{\"@id\":\"https:\/\/almenrausch-berglern.de\/WordPress_02\/ueber-uns\/schuetzenheim\/#breadcrumb\"},\"inLanguage\":\"de\",\"potentialAction\":[{\"@type\":\"ReadAction\",\"target\":[\"https:\/\/almenrausch-berglern.de\/WordPress_02\/ueber-uns\/schuetzenheim\/\"]}]},{\"@type\":\"ImageObject\",\"inLanguage\":\"de\",\"@id\":\"https:\/\/almenrausch-berglern.de\/WordPress_02\/ueber-uns\/schuetzenheim\/#primaryimage\",\"url\":\"https:\/\/almenrausch-berglern.de\/WordPress_02\/wp-content\/uploads\/2019\/12\/logo_sportgaststaette_2007_3.gif\",\"contentUrl\":\"https:\/\/almenrausch-berglern.de\/WordPress_02\/wp-content\/uploads\/2019\/12\/logo_sportgaststaette_2007_3.gif\",\"width\":314,\"height\":167},{\"@type\":\"BreadcrumbList\",\"@id\":\"https:\/\/almenrausch-berglern.de\/WordPress_02\/ueber-uns\/schuetzenheim\/#breadcrumb\",\"itemListElement\":[{\"@type\":\"ListItem\",\"position\":1,\"name\":\"Startseite\",\"item\":\"https:\/\/almenrausch-berglern.de\/WordPress_02\/\"},{\"@type\":\"ListItem\",\"position\":2,\"name\":\"\u00dcber uns\",\"item\":\"https:\/\/almenrausch-berglern.de\/WordPress_02\/ueber-uns\/\"},{\"@type\":\"ListItem\",\"position\":3,\"name\":\"Sch\u00fctzenheim\"}]},{\"@type\":\"WebSite\",\"@id\":\"https:\/\/almenrausch-berglern.de\/WordPress_02\/#website\",\"url\":\"https:\/\/almenrausch-berglern.de\/WordPress_02\/\",\"name\":\"SG Almenrausch Berglern e.V.\",\"description\":\"\",\"potentialAction\":[{\"@type\":\"SearchAction\",\"target\":{\"@type\":\"EntryPoint\",\"urlTemplate\":\"https:\/\/almenrausch-berglern.de\/WordPress_02\/?s={search_term_string}\"},\"query-input\":{\"@type\":\"PropertyValueSpecification\",\"valueRequired\":true,\"valueName\":\"search_term_string\"}}],\"inLanguage\":\"de\"}]}<\/script>\n<!-- \/ Yoast SEO plugin. -->","yoast_head_json":{"title":"Sch\u00fctzenheim - SG Almenrausch Berglern e.V.","robots":{"index":"index","follow":"follow","max-snippet":"max-snippet:-1","max-image-preview":"max-image-preview:large","max-video-preview":"max-video-preview:-1"},"canonical":"https:\/\/almenrausch-berglern.de\/WordPress_02\/ueber-uns\/schuetzenheim\/","og_locale":"de_DE","og_type":"article","og_title":"Sch\u00fctzenheim - SG Almenrausch Berglern e.V.","og_description":"Das Sport- und Sch\u00fctzenheim aus nord\u00f6stlicher Richtung. Sport- und Sch\u00fctzenheim BerglernAm Sportplatz 285459 Berglern So erreichen Sie das\u00a0Sport- und Sch\u00fctzenheim:","og_url":"https:\/\/almenrausch-berglern.de\/WordPress_02\/ueber-uns\/schuetzenheim\/","og_site_name":"SG Almenrausch Berglern e.V.","article_modified_time":"2019-12-16T21:37:45+00:00","og_image":[{"url":"https:\/\/almenrausch-berglern.de\/WordPress_02\/wp-content\/uploads\/2019\/12\/logo_sportgaststaette_2007_3.gif","type":"","width":"","height":""}],"twitter_card":"summary_large_image","schema":{"@context":"https:\/\/schema.org","@graph":[{"@type":"WebPage","@id":"https:\/\/almenrausch-berglern.de\/WordPress_02\/ueber-uns\/schuetzenheim\/","url":"https:\/\/almenrausch-berglern.de\/WordPress_02\/ueber-uns\/schuetzenheim\/","name":"Sch\u00fctzenheim - SG Almenrausch Berglern e.V.","isPartOf":{"@id":"https:\/\/almenrausch-berglern.de\/WordPress_02\/#website"},"primaryImageOfPage":{"@id":"https:\/\/almenrausch-berglern.de\/WordPress_02\/ueber-uns\/schuetzenheim\/#primaryimage"},"image":{"@id":"https:\/\/almenrausch-berglern.de\/WordPress_02\/ueber-uns\/schuetzenheim\/#primaryimage"},"thumbnailUrl":"https:\/\/almenrausch-berglern.de\/WordPress_02\/wp-content\/uploads\/2019\/12\/logo_sportgaststaette_2007_3.gif","datePublished":"2015-09-23T09:27:55+00:00","dateModified":"2019-12-16T21:37:45+00:00","breadcrumb":{"@id":"https:\/\/almenrausch-berglern.de\/WordPress_02\/ueber-uns\/schuetzenheim\/#breadcrumb"},"inLanguage":"de","potentialAction":[{"@type":"ReadAction","target":["https:\/\/almenrausch-berglern.de\/WordPress_02\/ueber-uns\/schuetzenheim\/"]}]},{"@type":"ImageObject","inLanguage":"de","@id":"https:\/\/almenrausch-berglern.de\/WordPress_02\/ueber-uns\/schuetzenheim\/#primaryimage","url":"https:\/\/almenrausch-berglern.de\/WordPress_02\/wp-content\/uploads\/2019\/12\/logo_sportgaststaette_2007_3.gif","contentUrl":"https:\/\/almenrausch-berglern.de\/WordPress_02\/wp-content\/uploads\/2019\/12\/logo_sportgaststaette_2007_3.gif","width":314,"height":167},{"@type":"BreadcrumbList","@id":"https:\/\/almenrausch-berglern.de\/WordPress_02\/ueber-uns\/schuetzenheim\/#breadcrumb","itemListElement":[{"@type":"ListItem","position":1,"name":"Startseite","item":"https:\/\/almenrausch-berglern.de\/WordPress_02\/"},{"@type":"ListItem","position":2,"name":"\u00dcber uns","item":"https:\/\/almenrausch-berglern.de\/WordPress_02\/ueber-uns\/"},{"@type":"ListItem","position":3,"name":"Sch\u00fctzenheim"}]},{"@type":"WebSite","@id":"https:\/\/almenrausch-berglern.de\/WordPress_02\/#website","url":"https:\/\/almenrausch-berglern.de\/WordPress_02\/","name":"SG Almenrausch Berglern e.V.","description":"","potentialAction":[{"@type":"SearchAction","target":{"@type":"EntryPoint","urlTemplate":"https:\/\/almenrausch-berglern.de\/WordPress_02\/?s={search_term_string}"},"query-input":{"@type":"PropertyValueSpecification","valueRequired":true,"valueName":"search_term_string"}}],"inLanguage":"de"}]}},"publishpress_future_action":{"enabled":false,"date":"2026-04-24 07:30:14","action":"change-status","newStatus":"draft","terms":[],"taxonomy":"","extraData":[]},"publishpress_future_workflow_manual_trigger":{"enabledWorkflows":[]},"_links":{"self":[{"href":"https:\/\/almenrausch-berglern.de\/WordPress_02\/wp-json\/wp\/v2\/pages\/163","targetHints":{"allow":["GET"]}}],"collection":[{"href":"https:\/\/almenrausch-berglern.de\/WordPress_02\/wp-json\/wp\/v2\/pages"}],"about":[{"href":"https:\/\/almenrausch-berglern.de\/WordPress_02\/wp-json\/wp\/v2\/types\/page"}],"author":[{"embeddable":true,"href":"https:\/\/almenrausch-berglern.de\/WordPress_02\/wp-json\/wp\/v2\/users\/1"}],"replies":[{"embeddable":true,"href":"https:\/\/almenrausch-berglern.de\/WordPress_02\/wp-json\/wp\/v2\/comments?post=163"}],"version-history":[{"count":2,"href":"https:\/\/almenrausch-berglern.de\/WordPress_02\/wp-json\/wp\/v2\/pages\/163\/revisions"}],"predecessor-version":[{"id":1677,"href":"https:\/\/almenrausch-berglern.de\/WordPress_02\/wp-json\/wp\/v2\/pages\/163\/revisions\/1677"}],"up":[{"embeddable":true,"href":"https:\/\/almenrausch-berglern.de\/WordPress_02\/wp-json\/wp\/v2\/pages\/169"}],"wp:attachment":[{"href":"https:\/\/almenrausch-berglern.de\/WordPress_02\/wp-json\/wp\/v2\/media?parent=163"}],"curies":[{"name":"wp","href":"https:\/\/api.w.org\/{rel}","templated":true}]}}