{"id":166,"date":"2015-09-23T09:31:04","date_gmt":"2015-09-23T09:31:04","guid":{"rendered":"http:\/\/almenrausch-berglern.de\/WordPress_02\/?page_id=166"},"modified":"2019-07-05T14:04:36","modified_gmt":"2019-07-05T14:04:36","slug":"yarr-2-2-2-7","status":"publish","type":"page","link":"https:\/\/almenrausch-berglern.de\/WordPress_02\/fahne\/","title":{"rendered":"Fahne"},"content":{"rendered":"\n<div class=\"wp-block-columns has-2-columns is-layout-flex wp-container-core-columns-is-layout-9d6595d7 wp-block-columns-is-layout-flex\">\n<div class=\"wp-block-column is-layout-flow wp-block-column-is-layout-flow\">\n<figure class=\"wp-block-image\"><img loading=\"lazy\" decoding=\"async\" width=\"568\" height=\"650\" src=\"https:\/\/almenrausch-berglern.de\/WordPress_02\/wp-content\/uploads\/2019\/07\/fahne1.jpg\" alt=\"\" class=\"wp-image-1564\" srcset=\"https:\/\/almenrausch-berglern.de\/WordPress_02\/wp-content\/uploads\/2019\/07\/fahne1.jpg 568w, https:\/\/almenrausch-berglern.de\/WordPress_02\/wp-content\/uploads\/2019\/07\/fahne1-262x300.jpg 262w\" sizes=\"auto, (max-width: 568px) 100vw, 568px\" \/><\/figure>\n\n\n\n<p><\/p>\n<\/div>\n\n\n\n<div class=\"wp-block-column is-layout-flow wp-block-column-is-layout-flow\">\n<p>Die Fahne der Almenrausch-Sch\u00fctzen<\/p>\n\n\n\n<p>Das Bild zeigt die  Fahne der Almenrausch-Sch\u00fctzen, die im Rahmen des 85-j\u00e4hrigen Gr\u00fcndungsfestes geweiht wurde.<\/p>\n<\/div>\n<\/div>\n\n\n\n<p><\/p>\n","protected":false},"excerpt":{"rendered":"<p>Die Fahne der Almenrausch-Sch\u00fctzen Das Bild zeigt die Fahne der Almenrausch-Sch\u00fctzen, die im Rahmen des 85-j\u00e4hrigen Gr\u00fcndungsfestes geweiht wurde.<\/p>\n <a class=\"more-link\" href=\"https:\/\/almenrausch-berglern.de\/WordPress_02\/fahne\/\"><span class=\"more-msg\">Hier weiterlesen ...<\/span><\/a>","protected":false},"author":1,"featured_media":0,"parent":169,"menu_order":0,"comment_status":"closed","ping_status":"closed","template":"paget-iframe.php","meta":{"ngg_post_thumbnail":0,"footnotes":""},"class_list":["post-166","page","type-page","status-publish","hentry"],"yoast_head":"<!-- This site is optimized with the Yoast SEO plugin v27.2 - https:\/\/yoast.com\/product\/yoast-seo-wordpress\/ -->\n<title>Fahne - SG Almenrausch Berglern e.V.<\/title>\n<meta name=\"robots\" content=\"index, follow, max-snippet:-1, max-image-preview:large, max-video-preview:-1\" \/>\n<link rel=\"canonical\" href=\"https:\/\/almenrausch-berglern.de\/WordPress_02\/fahne\/\" \/>\n<meta property=\"og:locale\" content=\"de_DE\" \/>\n<meta property=\"og:type\" content=\"article\" \/>\n<meta property=\"og:title\" content=\"Fahne - SG Almenrausch Berglern e.V.\" \/>\n<meta property=\"og:description\" content=\"Die Fahne der Almenrausch-Sch\u00fctzen Das Bild zeigt die Fahne der Almenrausch-Sch\u00fctzen, die im Rahmen des 85-j\u00e4hrigen Gr\u00fcndungsfestes geweiht wurde.\" \/>\n<meta property=\"og:url\" content=\"https:\/\/almenrausch-berglern.de\/WordPress_02\/fahne\/\" \/>\n<meta property=\"og:site_name\" content=\"SG Almenrausch Berglern e.V.\" \/>\n<meta property=\"article:modified_time\" content=\"2019-07-05T14:04:36+00:00\" \/>\n<meta property=\"og:image\" content=\"https:\/\/almenrausch-berglern.de\/WordPress_02\/wp-content\/uploads\/2019\/07\/fahne1.jpg\" \/>\n<meta name=\"twitter:card\" content=\"summary_large_image\" \/>\n<script type=\"application\/ld+json\" class=\"yoast-schema-graph\">{\"@context\":\"https:\/\/schema.org\",\"@graph\":[{\"@type\":\"WebPage\",\"@id\":\"https:\/\/almenrausch-berglern.de\/WordPress_02\/fahne\/\",\"url\":\"https:\/\/almenrausch-berglern.de\/WordPress_02\/fahne\/\",\"name\":\"Fahne - SG Almenrausch Berglern e.V.\",\"isPartOf\":{\"@id\":\"https:\/\/almenrausch-berglern.de\/WordPress_02\/#website\"},\"primaryImageOfPage\":{\"@id\":\"https:\/\/almenrausch-berglern.de\/WordPress_02\/fahne\/#primaryimage\"},\"image\":{\"@id\":\"https:\/\/almenrausch-berglern.de\/WordPress_02\/fahne\/#primaryimage\"},\"thumbnailUrl\":\"https:\/\/almenrausch-berglern.de\/WordPress_02\/wp-content\/uploads\/2019\/07\/fahne1.jpg\",\"datePublished\":\"2015-09-23T09:31:04+00:00\",\"dateModified\":\"2019-07-05T14:04:36+00:00\",\"breadcrumb\":{\"@id\":\"https:\/\/almenrausch-berglern.de\/WordPress_02\/fahne\/#breadcrumb\"},\"inLanguage\":\"de\",\"potentialAction\":[{\"@type\":\"ReadAction\",\"target\":[\"https:\/\/almenrausch-berglern.de\/WordPress_02\/fahne\/\"]}]},{\"@type\":\"ImageObject\",\"inLanguage\":\"de\",\"@id\":\"https:\/\/almenrausch-berglern.de\/WordPress_02\/fahne\/#primaryimage\",\"url\":\"https:\/\/almenrausch-berglern.de\/WordPress_02\/wp-content\/uploads\/2019\/07\/fahne1.jpg\",\"contentUrl\":\"https:\/\/almenrausch-berglern.de\/WordPress_02\/wp-content\/uploads\/2019\/07\/fahne1.jpg\",\"width\":568,\"height\":650},{\"@type\":\"BreadcrumbList\",\"@id\":\"https:\/\/almenrausch-berglern.de\/WordPress_02\/fahne\/#breadcrumb\",\"itemListElement\":[{\"@type\":\"ListItem\",\"position\":1,\"name\":\"Startseite\",\"item\":\"https:\/\/almenrausch-berglern.de\/WordPress_02\/\"},{\"@type\":\"ListItem\",\"position\":2,\"name\":\"\u00dcber uns\",\"item\":\"https:\/\/almenrausch-berglern.de\/WordPress_02\/ueber-uns\/\"},{\"@type\":\"ListItem\",\"position\":3,\"name\":\"Fahne\"}]},{\"@type\":\"WebSite\",\"@id\":\"https:\/\/almenrausch-berglern.de\/WordPress_02\/#website\",\"url\":\"https:\/\/almenrausch-berglern.de\/WordPress_02\/\",\"name\":\"SG Almenrausch Berglern e.V.\",\"description\":\"\",\"potentialAction\":[{\"@type\":\"SearchAction\",\"target\":{\"@type\":\"EntryPoint\",\"urlTemplate\":\"https:\/\/almenrausch-berglern.de\/WordPress_02\/?s={search_term_string}\"},\"query-input\":{\"@type\":\"PropertyValueSpecification\",\"valueRequired\":true,\"valueName\":\"search_term_string\"}}],\"inLanguage\":\"de\"}]}<\/script>\n<!-- \/ Yoast SEO plugin. -->","yoast_head_json":{"title":"Fahne - SG Almenrausch Berglern e.V.","robots":{"index":"index","follow":"follow","max-snippet":"max-snippet:-1","max-image-preview":"max-image-preview:large","max-video-preview":"max-video-preview:-1"},"canonical":"https:\/\/almenrausch-berglern.de\/WordPress_02\/fahne\/","og_locale":"de_DE","og_type":"article","og_title":"Fahne - SG Almenrausch Berglern e.V.","og_description":"Die Fahne der Almenrausch-Sch\u00fctzen Das Bild zeigt die Fahne der Almenrausch-Sch\u00fctzen, die im Rahmen des 85-j\u00e4hrigen Gr\u00fcndungsfestes geweiht wurde.","og_url":"https:\/\/almenrausch-berglern.de\/WordPress_02\/fahne\/","og_site_name":"SG Almenrausch Berglern e.V.","article_modified_time":"2019-07-05T14:04:36+00:00","og_image":[{"url":"https:\/\/almenrausch-berglern.de\/WordPress_02\/wp-content\/uploads\/2019\/07\/fahne1.jpg","type":"","width":"","height":""}],"twitter_card":"summary_large_image","schema":{"@context":"https:\/\/schema.org","@graph":[{"@type":"WebPage","@id":"https:\/\/almenrausch-berglern.de\/WordPress_02\/fahne\/","url":"https:\/\/almenrausch-berglern.de\/WordPress_02\/fahne\/","name":"Fahne - SG Almenrausch Berglern e.V.","isPartOf":{"@id":"https:\/\/almenrausch-berglern.de\/WordPress_02\/#website"},"primaryImageOfPage":{"@id":"https:\/\/almenrausch-berglern.de\/WordPress_02\/fahne\/#primaryimage"},"image":{"@id":"https:\/\/almenrausch-berglern.de\/WordPress_02\/fahne\/#primaryimage"},"thumbnailUrl":"https:\/\/almenrausch-berglern.de\/WordPress_02\/wp-content\/uploads\/2019\/07\/fahne1.jpg","datePublished":"2015-09-23T09:31:04+00:00","dateModified":"2019-07-05T14:04:36+00:00","breadcrumb":{"@id":"https:\/\/almenrausch-berglern.de\/WordPress_02\/fahne\/#breadcrumb"},"inLanguage":"de","potentialAction":[{"@type":"ReadAction","target":["https:\/\/almenrausch-berglern.de\/WordPress_02\/fahne\/"]}]},{"@type":"ImageObject","inLanguage":"de","@id":"https:\/\/almenrausch-berglern.de\/WordPress_02\/fahne\/#primaryimage","url":"https:\/\/almenrausch-berglern.de\/WordPress_02\/wp-content\/uploads\/2019\/07\/fahne1.jpg","contentUrl":"https:\/\/almenrausch-berglern.de\/WordPress_02\/wp-content\/uploads\/2019\/07\/fahne1.jpg","width":568,"height":650},{"@type":"BreadcrumbList","@id":"https:\/\/almenrausch-berglern.de\/WordPress_02\/fahne\/#breadcrumb","itemListElement":[{"@type":"ListItem","position":1,"name":"Startseite","item":"https:\/\/almenrausch-berglern.de\/WordPress_02\/"},{"@type":"ListItem","position":2,"name":"\u00dcber uns","item":"https:\/\/almenrausch-berglern.de\/WordPress_02\/ueber-uns\/"},{"@type":"ListItem","position":3,"name":"Fahne"}]},{"@type":"WebSite","@id":"https:\/\/almenrausch-berglern.de\/WordPress_02\/#website","url":"https:\/\/almenrausch-berglern.de\/WordPress_02\/","name":"SG Almenrausch Berglern e.V.","description":"","potentialAction":[{"@type":"SearchAction","target":{"@type":"EntryPoint","urlTemplate":"https:\/\/almenrausch-berglern.de\/WordPress_02\/?s={search_term_string}"},"query-input":{"@type":"PropertyValueSpecification","valueRequired":true,"valueName":"search_term_string"}}],"inLanguage":"de"}]}},"publishpress_future_action":{"enabled":false,"date":"2026-04-24 06:17:51","action":"change-status","newStatus":"draft","terms":[],"taxonomy":"","extraData":[]},"publishpress_future_workflow_manual_trigger":{"enabledWorkflows":[]},"_links":{"self":[{"href":"https:\/\/almenrausch-berglern.de\/WordPress_02\/wp-json\/wp\/v2\/pages\/166","targetHints":{"allow":["GET"]}}],"collection":[{"href":"https:\/\/almenrausch-berglern.de\/WordPress_02\/wp-json\/wp\/v2\/pages"}],"about":[{"href":"https:\/\/almenrausch-berglern.de\/WordPress_02\/wp-json\/wp\/v2\/types\/page"}],"author":[{"embeddable":true,"href":"https:\/\/almenrausch-berglern.de\/WordPress_02\/wp-json\/wp\/v2\/users\/1"}],"replies":[{"embeddable":true,"href":"https:\/\/almenrausch-berglern.de\/WordPress_02\/wp-json\/wp\/v2\/comments?post=166"}],"version-history":[{"count":0,"href":"https:\/\/almenrausch-berglern.de\/WordPress_02\/wp-json\/wp\/v2\/pages\/166\/revisions"}],"up":[{"embeddable":true,"href":"https:\/\/almenrausch-berglern.de\/WordPress_02\/wp-json\/wp\/v2\/pages\/169"}],"wp:attachment":[{"href":"https:\/\/almenrausch-berglern.de\/WordPress_02\/wp-json\/wp\/v2\/media?parent=166"}],"curies":[{"name":"wp","href":"https:\/\/api.w.org\/{rel}","templated":true}]}}