{"id":1789,"date":"2021-03-11T18:48:38","date_gmt":"2021-03-11T18:48:38","guid":{"rendered":"https:\/\/almenrausch-berglern.de\/WordPress_02\/?page_id=1789"},"modified":"2023-01-22T21:52:16","modified_gmt":"2023-01-22T21:52:16","slug":"ueber-die-boellergruppe","status":"publish","type":"page","link":"https:\/\/almenrausch-berglern.de\/WordPress_02\/ueber-die-boellergruppe\/","title":{"rendered":"\u00dcber die B\u00f6llergruppe"},"content":{"rendered":"\r\n<p>Am 01.02.2019 organisierte unser Fahnenjunker Uwe Lerch eine B\u00f6llerlehrgang in unserem Sport- und Sch\u00fctzenheim. In diesem Lehrgang legten 13 Almenrausch-Sch\u00fctzen ihre B\u00f6llerpr\u00fcfung ab.<\/p>\r\n\r\n\r\n\r\n<p>Nach verschiedenen Vorbereitungen fand am 24.09.2019 im St\u00fcberl der freiwilligen Feuerwehr Berglern die Gr\u00fcndungsversammlung statt. Als Name wurde \u201eB\u00f6llergruppe SG Almenrausch Berglern\u201c festgelegt. Die Gr\u00fcndungsversammlung best\u00e4tigte einstimmig Uwe Lerch als Kommandant, als Schriftf\u00fchrer Markus Rittler und als dessen Stellvertreter Ansgar Bodenberger.<\/p>\r\n\r\n\r\n\r\n<p>Als weitere Themen wurden auf den Weg gebracht: die Festlegung einer Gruppenkleidung, die Erstellung einer B\u00f6llerordnung, die Beschaffung eines Vereinsb\u00f6llers und ein Konzept f\u00fcr die Auftritte der B\u00f6llergruppe.<\/p>\r\n\r\n\r\n\r\n<p>Als erster Auftritt wurde ein Neujahrsschie\u00dfen zum 01.01.2020 geplant.<\/p>\r\n\r\n\r\n\r\n<p>Zur Beschliessung der Gr\u00fcndungsversammlung wurden die Formalit\u00e4ten nach \u00a729 Sprengstoffgesetz bearbeitet, so dass einer Genehmigung durch das Landratsamt Erding nichts mehr im Wege stehen konnte.<\/p>\r\n\r\n\r\n\r\n<p>Im Dezember 2019 wurden in Berchtesgaden die ersten B\u00f6ller erstanden. Am 28.12.2019 wurde als Vorbereitung f\u00fcr das Neujahrsschie\u00dfen das erste \u00dcbungsschie\u00dfen veranstaltet.<\/p>\r\n\r\n\r\n\r\n<p>Am Neujahrstag wurde um 18:00 Uhr das erste B\u00f6llerschie\u00dfen der B\u00f6llergruppe SG Almenrausch Berglern auf dem Fu\u00df- und Radweg zwischen der Wartenberger Stra\u00dfe und dem Isarkanal veranstaltet. Viele Zuschauer waren gekommen, nachdem \u00fcber das erste B\u00f6llerschie\u00dfen in der Presse informiert wurde. Das Neujahrsschie\u00dfen sollte damit zum festen Bestandteil des B\u00f6llerkalenders werden. Weitere Schie\u00dftermine waren f\u00fcr 2020 bereits geplant, so zum Beispiel das Festanschie\u00dfen zum 60 &#8211; j\u00e4hrigen Gr\u00fcndungsfest des SV Eintracht Berglern.<\/p>\r\n\r\n\r\n\r\n<p>Die Gr\u00fcndung der B\u00f6llergruppe wurde in der Generalversammlung am 18.04.2020 best\u00e4tigt.<\/p>\r\n","protected":false},"excerpt":{"rendered":"<p>Am 01.02.2019 organisierte unser Fahnenjunker Uwe Lerch eine B\u00f6llerlehrgang in unserem Sport- und Sch\u00fctzenheim. In diesem Lehrgang legten 13 Almenrausch-Sch\u00fctzen ihre B\u00f6llerpr\u00fcfung ab. Nach verschiedenen Vorbereitungen fand am 24.09.2019 im St\u00fcberl der freiwilligen Feuerwehr Berglern die Gr\u00fcndungsversammlung statt. Als Name <span class=\"excerpt-dots\">&hellip;<\/span> <a class=\"more-link\" href=\"https:\/\/almenrausch-berglern.de\/WordPress_02\/ueber-die-boellergruppe\/\"><span class=\"more-msg\">Hier weiterlesen &#8230;<\/span><\/a><\/p>\n","protected":false},"author":1,"featured_media":0,"parent":0,"menu_order":0,"comment_status":"closed","ping_status":"closed","template":"","meta":{"ngg_post_thumbnail":0,"footnotes":""},"class_list":["post-1789","page","type-page","status-publish","hentry"],"yoast_head":"<!-- This site is optimized with the Yoast SEO plugin v27.2 - https:\/\/yoast.com\/product\/yoast-seo-wordpress\/ -->\n<title>\u00dcber die B\u00f6llergruppe - SG Almenrausch Berglern e.V.<\/title>\n<meta name=\"robots\" content=\"index, follow, max-snippet:-1, max-image-preview:large, max-video-preview:-1\" \/>\n<link rel=\"canonical\" href=\"https:\/\/almenrausch-berglern.de\/WordPress_02\/ueber-die-boellergruppe\/\" \/>\n<meta property=\"og:locale\" content=\"de_DE\" \/>\n<meta property=\"og:type\" content=\"article\" \/>\n<meta property=\"og:title\" content=\"\u00dcber die B\u00f6llergruppe - SG Almenrausch Berglern e.V.\" \/>\n<meta property=\"og:description\" content=\"Am 01.02.2019 organisierte unser Fahnenjunker Uwe Lerch eine B\u00f6llerlehrgang in unserem Sport- und Sch\u00fctzenheim. In diesem Lehrgang legten 13 Almenrausch-Sch\u00fctzen ihre B\u00f6llerpr\u00fcfung ab. Nach verschiedenen Vorbereitungen fand am 24.09.2019 im St\u00fcberl der freiwilligen Feuerwehr Berglern die Gr\u00fcndungsversammlung statt. Als Name &hellip; Hier weiterlesen ...\" \/>\n<meta property=\"og:url\" content=\"https:\/\/almenrausch-berglern.de\/WordPress_02\/ueber-die-boellergruppe\/\" \/>\n<meta property=\"og:site_name\" content=\"SG Almenrausch Berglern e.V.\" \/>\n<meta property=\"article:modified_time\" content=\"2023-01-22T21:52:16+00:00\" \/>\n<meta name=\"twitter:card\" content=\"summary_large_image\" \/>\n<meta name=\"twitter:label1\" content=\"Gesch\u00e4tzte Lesezeit\" \/>\n\t<meta name=\"twitter:data1\" content=\"2\u00a0Minuten\" \/>\n<script type=\"application\/ld+json\" class=\"yoast-schema-graph\">{\"@context\":\"https:\/\/schema.org\",\"@graph\":[{\"@type\":\"WebPage\",\"@id\":\"https:\/\/almenrausch-berglern.de\/WordPress_02\/ueber-die-boellergruppe\/\",\"url\":\"https:\/\/almenrausch-berglern.de\/WordPress_02\/ueber-die-boellergruppe\/\",\"name\":\"\u00dcber die B\u00f6llergruppe - SG Almenrausch Berglern e.V.\",\"isPartOf\":{\"@id\":\"https:\/\/almenrausch-berglern.de\/WordPress_02\/#website\"},\"datePublished\":\"2021-03-11T18:48:38+00:00\",\"dateModified\":\"2023-01-22T21:52:16+00:00\",\"breadcrumb\":{\"@id\":\"https:\/\/almenrausch-berglern.de\/WordPress_02\/ueber-die-boellergruppe\/#breadcrumb\"},\"inLanguage\":\"de\",\"potentialAction\":[{\"@type\":\"ReadAction\",\"target\":[\"https:\/\/almenrausch-berglern.de\/WordPress_02\/ueber-die-boellergruppe\/\"]}]},{\"@type\":\"BreadcrumbList\",\"@id\":\"https:\/\/almenrausch-berglern.de\/WordPress_02\/ueber-die-boellergruppe\/#breadcrumb\",\"itemListElement\":[{\"@type\":\"ListItem\",\"position\":1,\"name\":\"Startseite\",\"item\":\"https:\/\/almenrausch-berglern.de\/WordPress_02\/\"},{\"@type\":\"ListItem\",\"position\":2,\"name\":\"\u00dcber die B\u00f6llergruppe\"}]},{\"@type\":\"WebSite\",\"@id\":\"https:\/\/almenrausch-berglern.de\/WordPress_02\/#website\",\"url\":\"https:\/\/almenrausch-berglern.de\/WordPress_02\/\",\"name\":\"SG Almenrausch Berglern e.V.\",\"description\":\"\",\"potentialAction\":[{\"@type\":\"SearchAction\",\"target\":{\"@type\":\"EntryPoint\",\"urlTemplate\":\"https:\/\/almenrausch-berglern.de\/WordPress_02\/?s={search_term_string}\"},\"query-input\":{\"@type\":\"PropertyValueSpecification\",\"valueRequired\":true,\"valueName\":\"search_term_string\"}}],\"inLanguage\":\"de\"}]}<\/script>\n<!-- \/ Yoast SEO plugin. -->","yoast_head_json":{"title":"\u00dcber die B\u00f6llergruppe - SG Almenrausch Berglern e.V.","robots":{"index":"index","follow":"follow","max-snippet":"max-snippet:-1","max-image-preview":"max-image-preview:large","max-video-preview":"max-video-preview:-1"},"canonical":"https:\/\/almenrausch-berglern.de\/WordPress_02\/ueber-die-boellergruppe\/","og_locale":"de_DE","og_type":"article","og_title":"\u00dcber die B\u00f6llergruppe - SG Almenrausch Berglern e.V.","og_description":"Am 01.02.2019 organisierte unser Fahnenjunker Uwe Lerch eine B\u00f6llerlehrgang in unserem Sport- und Sch\u00fctzenheim. In diesem Lehrgang legten 13 Almenrausch-Sch\u00fctzen ihre B\u00f6llerpr\u00fcfung ab. Nach verschiedenen Vorbereitungen fand am 24.09.2019 im St\u00fcberl der freiwilligen Feuerwehr Berglern die Gr\u00fcndungsversammlung statt. Als Name &hellip; Hier weiterlesen ...","og_url":"https:\/\/almenrausch-berglern.de\/WordPress_02\/ueber-die-boellergruppe\/","og_site_name":"SG Almenrausch Berglern e.V.","article_modified_time":"2023-01-22T21:52:16+00:00","twitter_card":"summary_large_image","twitter_misc":{"Gesch\u00e4tzte Lesezeit":"2\u00a0Minuten"},"schema":{"@context":"https:\/\/schema.org","@graph":[{"@type":"WebPage","@id":"https:\/\/almenrausch-berglern.de\/WordPress_02\/ueber-die-boellergruppe\/","url":"https:\/\/almenrausch-berglern.de\/WordPress_02\/ueber-die-boellergruppe\/","name":"\u00dcber die B\u00f6llergruppe - SG Almenrausch Berglern e.V.","isPartOf":{"@id":"https:\/\/almenrausch-berglern.de\/WordPress_02\/#website"},"datePublished":"2021-03-11T18:48:38+00:00","dateModified":"2023-01-22T21:52:16+00:00","breadcrumb":{"@id":"https:\/\/almenrausch-berglern.de\/WordPress_02\/ueber-die-boellergruppe\/#breadcrumb"},"inLanguage":"de","potentialAction":[{"@type":"ReadAction","target":["https:\/\/almenrausch-berglern.de\/WordPress_02\/ueber-die-boellergruppe\/"]}]},{"@type":"BreadcrumbList","@id":"https:\/\/almenrausch-berglern.de\/WordPress_02\/ueber-die-boellergruppe\/#breadcrumb","itemListElement":[{"@type":"ListItem","position":1,"name":"Startseite","item":"https:\/\/almenrausch-berglern.de\/WordPress_02\/"},{"@type":"ListItem","position":2,"name":"\u00dcber die B\u00f6llergruppe"}]},{"@type":"WebSite","@id":"https:\/\/almenrausch-berglern.de\/WordPress_02\/#website","url":"https:\/\/almenrausch-berglern.de\/WordPress_02\/","name":"SG Almenrausch Berglern e.V.","description":"","potentialAction":[{"@type":"SearchAction","target":{"@type":"EntryPoint","urlTemplate":"https:\/\/almenrausch-berglern.de\/WordPress_02\/?s={search_term_string}"},"query-input":{"@type":"PropertyValueSpecification","valueRequired":true,"valueName":"search_term_string"}}],"inLanguage":"de"}]}},"publishpress_future_action":{"enabled":false,"date":"2026-04-24 06:18:55","action":"change-status","newStatus":"draft","terms":[],"taxonomy":"","extraData":[]},"publishpress_future_workflow_manual_trigger":{"enabledWorkflows":[]},"_links":{"self":[{"href":"https:\/\/almenrausch-berglern.de\/WordPress_02\/wp-json\/wp\/v2\/pages\/1789","targetHints":{"allow":["GET"]}}],"collection":[{"href":"https:\/\/almenrausch-berglern.de\/WordPress_02\/wp-json\/wp\/v2\/pages"}],"about":[{"href":"https:\/\/almenrausch-berglern.de\/WordPress_02\/wp-json\/wp\/v2\/types\/page"}],"author":[{"embeddable":true,"href":"https:\/\/almenrausch-berglern.de\/WordPress_02\/wp-json\/wp\/v2\/users\/1"}],"replies":[{"embeddable":true,"href":"https:\/\/almenrausch-berglern.de\/WordPress_02\/wp-json\/wp\/v2\/comments?post=1789"}],"version-history":[{"count":3,"href":"https:\/\/almenrausch-berglern.de\/WordPress_02\/wp-json\/wp\/v2\/pages\/1789\/revisions"}],"predecessor-version":[{"id":2023,"href":"https:\/\/almenrausch-berglern.de\/WordPress_02\/wp-json\/wp\/v2\/pages\/1789\/revisions\/2023"}],"wp:attachment":[{"href":"https:\/\/almenrausch-berglern.de\/WordPress_02\/wp-json\/wp\/v2\/media?parent=1789"}],"curies":[{"name":"wp","href":"https:\/\/api.w.org\/{rel}","templated":true}]}}